{"id":7002,"date":"2025-11-07T10:26:08","date_gmt":"2025-11-07T15:26:08","guid":{"rendered":"https:\/\/valorsolutions.ca\/product\/asist-training-english-january-27-28-2026\/"},"modified":"2026-03-23T14:58:10","modified_gmt":"2026-03-23T18:58:10","slug":"asist-training-english-january-27-28-2026","status":"publish","type":"product","link":"https:\/\/valorsolutions.ca\/fr\/product\/asist-training-english-january-27-28-2026\/","title":{"rendered":"ASIST Training (English) &#8211; 26 et 27 mai 2026"},"content":{"rendered":"<p><strong>Apprenez \u00e0 intervenir avec bienveillance, confiance et comp\u00e9tence \u2014 et devenez un maillon essentiel du R\u00e9seau de s\u00e9curit\u00e9.<\/strong><\/p>\n<p><strong>Heure :<\/strong> 8 h 30 \u00e0 16 h 30<br \/>\n<strong>Lieu :<\/strong> 1602, Telesat Ct, Ottawa<br \/>\n<strong>Formateurs :<\/strong> Diane Martin et Maya Lightfoot<\/p>\n<p><strong>Vous apprendrez \u00e0\u2026<\/strong><\/p>\n<ul>\n<li>D\u00e9velopper la confiance n\u00e9cessaire pour poser directement la question du suicide<\/li>\n<li>\u00c9couter avec empathie et sans jugement<\/li>\n<li>Explorer vos attitudes et croyances personnelles qui influencent votre capacit\u00e9 \u00e0 aider<\/li>\n<li>Cr\u00e9er un plan de s\u00e9curit\u00e9 collaboratif pour aider une personne \u00e0 rester en s\u00e9curit\u00e9 pour le moment<\/li>\n<li>La diriger vers des soins suppl\u00e9mentaires et un soutien continu<\/li>\n<\/ul>\n","protected":false},"excerpt":{"rendered":"<p>Apprenez \u00e0 intervenir avec bienveillance, confiance et comp\u00e9tence \u2014 et devenez un maillon essentiel du R\u00e9seau de s\u00e9curit\u00e9. Heure : 8 h 30 \u00e0 16 h 30 Lieu : 1602, Telesat Ct, Ottawa Formateurs : Diane Martin et Maya Lightfoot Vous apprendrez \u00e0\u2026 D\u00e9velopper la confiance n\u00e9cessaire pour poser directement la question du suicide \u00c9couter [&hellip;]<\/p>\n","protected":false},"featured_media":7263,"comment_status":"closed","ping_status":"closed","template":"","meta":{"_acf_changed":false},"filter-for-training":[246],"product_brand":[],"product_cat":[245,247],"product_tag":[162],"class_list":{"0":"post-7002","1":"product","2":"type-product","3":"status-publish","4":"has-post-thumbnail","6":"filter-for-training-asist","7":"product_cat-formation","8":"product_cat-formations-fr","9":"product_tag-english-fr","11":"first","12":"instock","13":"virtual","14":"taxable","15":"purchasable","16":"product-type-simple"},"acf":[],"_links":{"self":[{"href":"https:\/\/valorsolutions.ca\/fr\/wp-json\/wp\/v2\/product\/7002","targetHints":{"allow":["GET"]}}],"collection":[{"href":"https:\/\/valorsolutions.ca\/fr\/wp-json\/wp\/v2\/product"}],"about":[{"href":"https:\/\/valorsolutions.ca\/fr\/wp-json\/wp\/v2\/types\/product"}],"replies":[{"embeddable":true,"href":"https:\/\/valorsolutions.ca\/fr\/wp-json\/wp\/v2\/comments?post=7002"}],"version-history":[{"count":5,"href":"https:\/\/valorsolutions.ca\/fr\/wp-json\/wp\/v2\/product\/7002\/revisions"}],"predecessor-version":[{"id":7285,"href":"https:\/\/valorsolutions.ca\/fr\/wp-json\/wp\/v2\/product\/7002\/revisions\/7285"}],"wp:featuredmedia":[{"embeddable":true,"href":"https:\/\/valorsolutions.ca\/fr\/wp-json\/wp\/v2\/media\/7263"}],"wp:attachment":[{"href":"https:\/\/valorsolutions.ca\/fr\/wp-json\/wp\/v2\/media?parent=7002"}],"wp:term":[{"taxonomy":"filter-for-training","embeddable":true,"href":"https:\/\/valorsolutions.ca\/fr\/wp-json\/wp\/v2\/filter-for-training?post=7002"},{"taxonomy":"product_brand","embeddable":true,"href":"https:\/\/valorsolutions.ca\/fr\/wp-json\/wp\/v2\/product_brand?post=7002"},{"taxonomy":"product_cat","embeddable":true,"href":"https:\/\/valorsolutions.ca\/fr\/wp-json\/wp\/v2\/product_cat?post=7002"},{"taxonomy":"product_tag","embeddable":true,"href":"https:\/\/valorsolutions.ca\/fr\/wp-json\/wp\/v2\/product_tag?post=7002"}],"curies":[{"name":"wp","href":"https:\/\/api.w.org\/{rel}","templated":true}]}}