{"id":6810,"date":"2024-07-26T17:22:55","date_gmt":"2024-07-26T21:22:55","guid":{"rendered":"https:\/\/valorsolutions.ca\/product\/passing\/"},"modified":"2025-08-25T10:20:34","modified_gmt":"2025-08-25T14:20:34","slug":"passing","status":"publish","type":"product","link":"https:\/\/valorsolutions.ca\/fr\/product\/passing\/","title":{"rendered":"Passing"},"content":{"rendered":"\t\t<div data-elementor-type=\"product-post\" data-elementor-id=\"6810\" class=\"elementor elementor-6810 elementor-3285\" data-elementor-post-type=\"product\">\n\t\t\t\t<div class=\"elementor-element elementor-element-5c84207 e-flex e-con-boxed e-con e-parent\" data-id=\"5c84207\" data-element_type=\"container\">\n\t\t\t\t\t<div class=\"e-con-inner\">\n\t\t\t\t<div class=\"elementor-element elementor-element-fa0f9fa elementor-widget elementor-widget-text-editor\" data-id=\"fa0f9fa\" data-element_type=\"widget\" data-widget_type=\"text-editor.default\">\n\t\t\t\t<div class=\"elementor-widget-container\">\n\t\t\t\t\t\t\t\t\t<p>Application des buts de la Valorisation des r\u00f4les sociaux.Une m\u00e9thode d\u2019\u00e9valuation quantitative des services humains. Les auteurs ont mis au point d\u00e8s 1969 la m\u00e9thode d\u2019Analyse de programme des syst\u00e8mes de services (PASS). Le PASS a largement inspir\u00e9 cette nouvelle r\u00e9daction de 1988 qui appara\u00eet comme une adaptation francophone du texte nord-am\u00e9ricain.<\/p>\n<p>Cette m\u00e9thode d\u2019\u00e9valuation de la qualit\u00e9 des services, d\u2019un point de vue humain, valorise tous les efforts que le service r\u00e9alise pour conduire la personne en difficult\u00e9 dans un processus positif d\u2019autonomie et d\u2019int\u00e9gration sociale. L\u2019\u00e9chelle d\u2019\u00e9valuation PASSING comporte 42 rubriques d\u2019\u00e9valuation qui n\u00e9cessitent le consensus chez les \u00e9valuateurs. PASSING est un des rares outils d\u2019\u00e9valuation de programmes pour lequel il existe des donn\u00e9es psychom\u00e9triques, incluant des normes pour le Canada, et les \u00c9tats-Unis.<\/p>\n\t\t\t\t\t\t\t\t<\/div>\n\t\t\t\t<\/div>\n\t\t\t\t\t<\/div>\n\t\t\t\t<\/div>\n\t\t\t\t<\/div>\n\t\t","protected":false},"excerpt":{"rendered":"<p>Application des buts de la Valorisation des r\u00f4les sociaux.Une m\u00e9thode d\u2019\u00e9valuation quantitative des services humains. Les auteurs ont mis au point d\u00e8s 1969 la m\u00e9thode d\u2019Analyse de programme des syst\u00e8mes de services (PASS). Le PASS a largement inspir\u00e9 cette nouvelle r\u00e9daction de 1988 qui appara\u00eet comme une adaptation francophone du texte nord-am\u00e9ricain. Cette m\u00e9thode d\u2019\u00e9valuation [&hellip;]<\/p>\n","protected":false},"featured_media":3287,"comment_status":"open","ping_status":"closed","template":"","meta":{"_acf_changed":false},"filter-for-training":[],"product_brand":[],"product_cat":[189,190],"product_tag":[191],"class_list":{"0":"post-6810","1":"product","2":"type-product","3":"status-publish","4":"has-post-thumbnail","6":"product_cat-autre-fr-2","7":"product_cat-outils-fr","8":"product_tag-francais-fr","9":"pa_height-5-5-fr","10":"pa_length-24-5-fr","11":"pa_weight-1-426-fr","12":"pa_width-33-fr","14":"first","15":"instock","16":"taxable","17":"shipping-taxable","18":"purchasable","19":"product-type-simple"},"acf":[],"_links":{"self":[{"href":"https:\/\/valorsolutions.ca\/fr\/wp-json\/wp\/v2\/product\/6810","targetHints":{"allow":["GET"]}}],"collection":[{"href":"https:\/\/valorsolutions.ca\/fr\/wp-json\/wp\/v2\/product"}],"about":[{"href":"https:\/\/valorsolutions.ca\/fr\/wp-json\/wp\/v2\/types\/product"}],"replies":[{"embeddable":true,"href":"https:\/\/valorsolutions.ca\/fr\/wp-json\/wp\/v2\/comments?post=6810"}],"version-history":[{"count":2,"href":"https:\/\/valorsolutions.ca\/fr\/wp-json\/wp\/v2\/product\/6810\/revisions"}],"predecessor-version":[{"id":6812,"href":"https:\/\/valorsolutions.ca\/fr\/wp-json\/wp\/v2\/product\/6810\/revisions\/6812"}],"wp:featuredmedia":[{"embeddable":true,"href":"https:\/\/valorsolutions.ca\/fr\/wp-json\/wp\/v2\/media\/3287"}],"wp:attachment":[{"href":"https:\/\/valorsolutions.ca\/fr\/wp-json\/wp\/v2\/media?parent=6810"}],"wp:term":[{"taxonomy":"filter-for-training","embeddable":true,"href":"https:\/\/valorsolutions.ca\/fr\/wp-json\/wp\/v2\/filter-for-training?post=6810"},{"taxonomy":"product_brand","embeddable":true,"href":"https:\/\/valorsolutions.ca\/fr\/wp-json\/wp\/v2\/product_brand?post=6810"},{"taxonomy":"product_cat","embeddable":true,"href":"https:\/\/valorsolutions.ca\/fr\/wp-json\/wp\/v2\/product_cat?post=6810"},{"taxonomy":"product_tag","embeddable":true,"href":"https:\/\/valorsolutions.ca\/fr\/wp-json\/wp\/v2\/product_tag?post=6810"}],"curies":[{"name":"wp","href":"https:\/\/api.w.org\/{rel}","templated":true}]}}