{"id":3307,"date":"2024-07-26T17:45:25","date_gmt":"2024-07-26T17:45:25","guid":{"rendered":"https:\/\/valorsolutions.ca\/?post_type=product&#038;p=3307"},"modified":"2025-09-04T13:40:18","modified_gmt":"2025-09-04T17:40:18","slug":"la-valorisation-des-roles-sociaux","status":"publish","type":"product","link":"https:\/\/valorsolutions.ca\/fr\/product\/la-valorisation-des-roles-sociaux\/","title":{"rendered":"La Valorisation des R\u00f4les Sociaux"},"content":{"rendered":"\t\t<div data-elementor-type=\"product-post\" data-elementor-id=\"3307\" class=\"elementor elementor-3307\" data-elementor-post-type=\"product\">\n\t\t\t\t<div class=\"elementor-element elementor-element-d89cdc3 e-flex e-con-boxed e-con e-parent\" data-id=\"d89cdc3\" data-element_type=\"container\">\n\t\t\t\t\t<div class=\"e-con-inner\">\n\t\t\t\t<div class=\"elementor-element elementor-element-0ab4e33 elementor-widget elementor-widget-text-editor\" data-id=\"0ab4e33\" data-element_type=\"widget\" data-widget_type=\"text-editor.default\">\n\t\t\t\t<div class=\"elementor-widget-container\">\n\t\t\t\t\t\t\t\t\t<p><strong>Wolf Wolfensberger (1991)<\/strong><\/p><p>Ce texte d\u2019introduction \u00e0 la th\u00e9orie de la Valorisation (VRS) de W. Wolfensberger constitue un document de r\u00e9f\u00e9rence dans le domaine des services humains et pour tous ceux qui veulent porter leur r\u00e9flexion dans le champ de l\u2019int\u00e9gration communautaire.<\/p><p>W. Wolfensberger, auteur, penseur et chercheur, est reconnu pour la fermet\u00e9 de ses convictions et sa rigueur intellectuelle, il a r\u00e9ussi depuis vingt ans \u00e0 guider un r\u00e9seau international de personnes qui partagent ces valeurs en d\u00e9veloppant entre autre des programmes de formation \u00e0 la VRS et des stages d\u2019initiation \u00e0 l\u2019\u00e9valuation des syst\u00e8mes de services avec la m\u00e9thode PASSING.<\/p>\t\t\t\t\t\t\t\t<\/div>\n\t\t\t\t<\/div>\n\t\t\t\t\t<\/div>\n\t\t\t\t<\/div>\n\t\t\t\t<\/div>\n\t\t","protected":false},"excerpt":{"rendered":"<p>Wolf Wolfensberger (1991) Ce texte d\u2019introduction \u00e0 la th\u00e9orie de la Valorisation (VRS) de W. Wolfensberger constitue un document de r\u00e9f\u00e9rence dans le domaine des services humains et pour tous ceux qui veulent porter leur r\u00e9flexion dans le champ de l\u2019int\u00e9gration communautaire. W. Wolfensberger, auteur, penseur et chercheur, est reconnu pour la fermet\u00e9 de ses [&hellip;]<\/p>\n","protected":false},"featured_media":3308,"comment_status":"open","ping_status":"closed","template":"","meta":{"_acf_changed":false},"filter-for-training":[],"product_brand":[],"product_cat":[189],"product_tag":[191],"class_list":{"0":"post-3307","1":"product","2":"type-product","3":"status-publish","4":"has-post-thumbnail","6":"product_cat-autre-fr-2","7":"product_tag-francais-fr","9":"first","10":"instock","11":"taxable","12":"shipping-taxable","13":"purchasable","14":"product-type-simple"},"acf":[],"_links":{"self":[{"href":"https:\/\/valorsolutions.ca\/fr\/wp-json\/wp\/v2\/product\/3307","targetHints":{"allow":["GET"]}}],"collection":[{"href":"https:\/\/valorsolutions.ca\/fr\/wp-json\/wp\/v2\/product"}],"about":[{"href":"https:\/\/valorsolutions.ca\/fr\/wp-json\/wp\/v2\/types\/product"}],"replies":[{"embeddable":true,"href":"https:\/\/valorsolutions.ca\/fr\/wp-json\/wp\/v2\/comments?post=3307"}],"version-history":[{"count":1,"href":"https:\/\/valorsolutions.ca\/fr\/wp-json\/wp\/v2\/product\/3307\/revisions"}],"predecessor-version":[{"id":5835,"href":"https:\/\/valorsolutions.ca\/fr\/wp-json\/wp\/v2\/product\/3307\/revisions\/5835"}],"wp:featuredmedia":[{"embeddable":true,"href":"https:\/\/valorsolutions.ca\/fr\/wp-json\/wp\/v2\/media\/3308"}],"wp:attachment":[{"href":"https:\/\/valorsolutions.ca\/fr\/wp-json\/wp\/v2\/media?parent=3307"}],"wp:term":[{"taxonomy":"filter-for-training","embeddable":true,"href":"https:\/\/valorsolutions.ca\/fr\/wp-json\/wp\/v2\/filter-for-training?post=3307"},{"taxonomy":"product_brand","embeddable":true,"href":"https:\/\/valorsolutions.ca\/fr\/wp-json\/wp\/v2\/product_brand?post=3307"},{"taxonomy":"product_cat","embeddable":true,"href":"https:\/\/valorsolutions.ca\/fr\/wp-json\/wp\/v2\/product_cat?post=3307"},{"taxonomy":"product_tag","embeddable":true,"href":"https:\/\/valorsolutions.ca\/fr\/wp-json\/wp\/v2\/product_tag?post=3307"}],"curies":[{"name":"wp","href":"https:\/\/api.w.org\/{rel}","templated":true}]}}