{"id":3278,"date":"2024-07-26T17:20:11","date_gmt":"2024-07-26T17:20:11","guid":{"rendered":"https:\/\/valorsolutions.ca\/?post_type=product&#038;p=3278"},"modified":"2025-09-04T13:44:13","modified_gmt":"2025-09-04T17:44:13","slug":"pour-une-gouvernance-qui-donne-des-resultats-roles-responsabilites-et-relations-du-conseil-dadministration","status":"publish","type":"product","link":"https:\/\/valorsolutions.ca\/fr\/product\/pour-une-gouvernance-qui-donne-des-resultats-roles-responsabilites-et-relations-du-conseil-dadministration\/","title":{"rendered":"Pour une gouvernance qui donne des r\u00e9sultats : r\u00f4les, responsabilit\u00e9s et relations du conseil d&rsquo;administration"},"content":{"rendered":"\t\t<div data-elementor-type=\"product-post\" data-elementor-id=\"3278\" class=\"elementor elementor-3278\" data-elementor-post-type=\"product\">\n\t\t\t\t<div class=\"elementor-element elementor-element-a19cfdd e-flex e-con-boxed e-con e-parent\" data-id=\"a19cfdd\" data-element_type=\"container\">\n\t\t\t\t\t<div class=\"e-con-inner\">\n\t\t\t\t<div class=\"elementor-element elementor-element-05c022b elementor-widget elementor-widget-text-editor\" data-id=\"05c022b\" data-element_type=\"widget\" data-widget_type=\"text-editor.default\">\n\t\t\t\t<div class=\"elementor-widget-container\">\n\t\t\t\t\t\t\t\t\t<p>Une bonne gouvernance repose sur les sept principes fondamentaux d\u2019une gouvernance d\u00e9mocratique \u00e0 savoir : i. la l\u00e9gitimit\u00e9, ii. l\u2019engagement, iii. la gestion responsable. iv. l\u2019\u00e9thique. v. la transparence, vi. la pr\u00e9visibilit\u00e9, et vii. l\u2019imputabilit\u00e9. Avec une bonne dose de bon sens pour ce qui touche la cr\u00e9ation de structures efficaces susceptibles de les aider \u00e0 vaquer \u00e0 leurs responsabilit\u00e9s, la plupart des conseils d\u2019administration, par de saines pratiques en mati\u00e8re de croissance, de gestion et de prise de d\u00e9cisions ainsi que par une culture interne constructive, r\u00e9ussiront \u00e0 cheminer sur la voie de l\u2019excellence en mati\u00e8re de gouvernance et de rendement.<\/p><p>La pr\u00e9sente monographie donne un aper\u00e7u des r\u00f4les, relations et responsabilit\u00e9s que tout directeur d\u2019organisme de services sociaux doit assumer en vue d\u2019ajouter de la valeur aux services offerts par l\u2019organisme dont il a la charge, de veiller \u00e0 ce que l\u2019organisme atteigne les objectifs qu\u2019il s\u2019\u00e9tait fix\u00e9s et avait promis \u00e0 sa client\u00e8le, \u00e0 ses membres, aux organismes de financement et aux autres interve-nants ainsi qu\u2019\u00e0 sa communaut\u00e9, et qu\u2019il leur rende compte de mani\u00e8re ad\u00e9quate sur son rendement.<\/p>\t\t\t\t\t\t\t\t<\/div>\n\t\t\t\t<\/div>\n\t\t\t\t\t<\/div>\n\t\t\t\t<\/div>\n\t\t\t\t<\/div>\n\t\t","protected":false},"excerpt":{"rendered":"<p>Une bonne gouvernance repose sur les sept principes fondamentaux d\u2019une gouvernance d\u00e9mocratique \u00e0 savoir : i. la l\u00e9gitimit\u00e9, ii. l\u2019engagement, iii. la gestion responsable. iv. l\u2019\u00e9thique. v. la transparence, vi. la pr\u00e9visibilit\u00e9, et vii. l\u2019imputabilit\u00e9. Avec une bonne dose de bon sens pour ce qui touche la cr\u00e9ation de structures efficaces susceptibles de les aider [&hellip;]<\/p>\n","protected":false},"featured_media":3279,"comment_status":"open","ping_status":"closed","template":"","meta":{"_acf_changed":false},"filter-for-training":[],"product_brand":[],"product_cat":[189,161],"product_tag":[191],"class_list":{"0":"post-3278","1":"product","2":"type-product","3":"status-publish","4":"has-post-thumbnail","6":"product_cat-autre-fr-2","7":"product_cat-autre-fr","8":"product_tag-francais-fr","10":"first","11":"instock","12":"taxable","13":"shipping-taxable","14":"purchasable","15":"product-type-simple"},"acf":[],"_links":{"self":[{"href":"https:\/\/valorsolutions.ca\/fr\/wp-json\/wp\/v2\/product\/3278","targetHints":{"allow":["GET"]}}],"collection":[{"href":"https:\/\/valorsolutions.ca\/fr\/wp-json\/wp\/v2\/product"}],"about":[{"href":"https:\/\/valorsolutions.ca\/fr\/wp-json\/wp\/v2\/types\/product"}],"replies":[{"embeddable":true,"href":"https:\/\/valorsolutions.ca\/fr\/wp-json\/wp\/v2\/comments?post=3278"}],"version-history":[{"count":1,"href":"https:\/\/valorsolutions.ca\/fr\/wp-json\/wp\/v2\/product\/3278\/revisions"}],"predecessor-version":[{"id":5839,"href":"https:\/\/valorsolutions.ca\/fr\/wp-json\/wp\/v2\/product\/3278\/revisions\/5839"}],"wp:featuredmedia":[{"embeddable":true,"href":"https:\/\/valorsolutions.ca\/fr\/wp-json\/wp\/v2\/media\/3279"}],"wp:attachment":[{"href":"https:\/\/valorsolutions.ca\/fr\/wp-json\/wp\/v2\/media?parent=3278"}],"wp:term":[{"taxonomy":"filter-for-training","embeddable":true,"href":"https:\/\/valorsolutions.ca\/fr\/wp-json\/wp\/v2\/filter-for-training?post=3278"},{"taxonomy":"product_brand","embeddable":true,"href":"https:\/\/valorsolutions.ca\/fr\/wp-json\/wp\/v2\/product_brand?post=3278"},{"taxonomy":"product_cat","embeddable":true,"href":"https:\/\/valorsolutions.ca\/fr\/wp-json\/wp\/v2\/product_cat?post=3278"},{"taxonomy":"product_tag","embeddable":true,"href":"https:\/\/valorsolutions.ca\/fr\/wp-json\/wp\/v2\/product_tag?post=3278"}],"curies":[{"name":"wp","href":"https:\/\/api.w.org\/{rel}","templated":true}]}}