{"id":3271,"date":"2024-07-26T17:17:07","date_gmt":"2024-07-26T17:17:07","guid":{"rendered":"https:\/\/valorsolutions.ca\/?post_type=product&#038;p=3271"},"modified":"2025-05-05T17:06:43","modified_gmt":"2025-05-05T21:06:43","slug":"projet-de-realisation-personnelle","status":"publish","type":"product","link":"https:\/\/valorsolutions.ca\/fr\/product\/projet-de-realisation-personnelle\/","title":{"rendered":"Projet de r\u00e9alisation personnelle"},"content":{"rendered":"\t\t<div data-elementor-type=\"product-post\" data-elementor-id=\"3271\" class=\"elementor elementor-3271\" data-elementor-post-type=\"product\">\n\t\t\t\t<div class=\"elementor-element elementor-element-6c22c6a e-flex e-con-boxed e-con e-parent\" data-id=\"6c22c6a\" data-element_type=\"container\">\n\t\t\t\t\t<div class=\"e-con-inner\">\n\t\t\t\t<div class=\"elementor-element elementor-element-9c2c321 elementor-widget elementor-widget-text-editor\" data-id=\"9c2c321\" data-element_type=\"widget\" data-widget_type=\"text-editor.default\">\n\t\t\t\t<div class=\"elementor-widget-container\">\n\t\t\t\t\t\t\t\t\t<p>Le Projet de R\u00e9alisation Personnelle (PRP) en intervention psychosociale est une m\u00e9thode de travail qui vise \u00e0 soutenir les personnes qui tentent de se faire une place dans la soci\u00e9t\u00e9 et \u00e0 les aider \u00e0 donner un sens aux services et soutiens qui leur sont propos\u00e9s. Il s\u2019agit essentiellement d\u2019une fa\u00e7on de travailler et de coordonner les prestations qui outille la personne en difficult\u00e9, en lien avec ses r\u00e9seaux, pour qu\u2019elle demeure responsable de sa vie.<\/p><p>Dans le cadre de son projet, la personne handicap\u00e9e \u00e0 risque d\u2019exclusion sociale est appel\u00e9e \u00e0 s\u2019impliquer et \u00e0 se responsabiliser dans son identification et son \u00e9valuation de ses besoins et dans l\u2019\u00e9laboration de moyens permettant d\u2019y r\u00e9pondre. Le professionnel est appel\u00e9 \u00e0 mobiliser et soutenir la personne, ses proches et ses r\u00e9seaux en tant que clients et en tant que partenaires dans la d\u00e9finition des services \u00e0 offrir afin d\u2019aider la personne \u00e0 r\u00e9aliser ses projets.<\/p><p>D\u00e9velopp\u00e9 et exp\u00e9riment\u00e9 depuis plus de vingt ans dans le domaine de la psychiatrie sociale en Suisse, en France et en Am\u00e9rique du Nord, le PRP en intervention psychosociale se veut une m\u00e9thode dynamique, souple, respectueuse des personnes, qui s\u2019adapte aux personnes, \u00e0 leurs besoins et aux situations particuli\u00e8res qu\u2019elles vivent.<\/p>\t\t\t\t\t\t\t\t<\/div>\n\t\t\t\t<\/div>\n\t\t\t\t\t<\/div>\n\t\t\t\t<\/div>\n\t\t\t\t<\/div>\n\t\t","protected":false},"excerpt":{"rendered":"<p>Le Projet de R\u00e9alisation Personnelle (PRP) en intervention psychosociale est une m\u00e9thode de travail qui vise \u00e0 soutenir les personnes qui tentent de se faire une place dans la soci\u00e9t\u00e9 et \u00e0 les aider \u00e0 donner un sens aux services et soutiens qui leur sont propos\u00e9s. Il s\u2019agit essentiellement d\u2019une fa\u00e7on de travailler et de [&hellip;]<\/p>\n","protected":false},"featured_media":3272,"comment_status":"open","ping_status":"closed","template":"","meta":{"_acf_changed":false},"filter-for-training":[],"product_brand":[],"product_cat":[189,190],"product_tag":[191],"class_list":{"0":"post-3271","1":"product","2":"type-product","3":"status-publish","4":"has-post-thumbnail","6":"product_cat-autre-fr-2","7":"product_cat-outils-fr","8":"product_tag-francais-fr","10":"first","11":"instock","12":"taxable","13":"shipping-taxable","14":"purchasable","15":"product-type-simple"},"acf":[],"_links":{"self":[{"href":"https:\/\/valorsolutions.ca\/fr\/wp-json\/wp\/v2\/product\/3271","targetHints":{"allow":["GET"]}}],"collection":[{"href":"https:\/\/valorsolutions.ca\/fr\/wp-json\/wp\/v2\/product"}],"about":[{"href":"https:\/\/valorsolutions.ca\/fr\/wp-json\/wp\/v2\/types\/product"}],"replies":[{"embeddable":true,"href":"https:\/\/valorsolutions.ca\/fr\/wp-json\/wp\/v2\/comments?post=3271"}],"version-history":[{"count":1,"href":"https:\/\/valorsolutions.ca\/fr\/wp-json\/wp\/v2\/product\/3271\/revisions"}],"predecessor-version":[{"id":5840,"href":"https:\/\/valorsolutions.ca\/fr\/wp-json\/wp\/v2\/product\/3271\/revisions\/5840"}],"wp:featuredmedia":[{"embeddable":true,"href":"https:\/\/valorsolutions.ca\/fr\/wp-json\/wp\/v2\/media\/3272"}],"wp:attachment":[{"href":"https:\/\/valorsolutions.ca\/fr\/wp-json\/wp\/v2\/media?parent=3271"}],"wp:term":[{"taxonomy":"filter-for-training","embeddable":true,"href":"https:\/\/valorsolutions.ca\/fr\/wp-json\/wp\/v2\/filter-for-training?post=3271"},{"taxonomy":"product_brand","embeddable":true,"href":"https:\/\/valorsolutions.ca\/fr\/wp-json\/wp\/v2\/product_brand?post=3271"},{"taxonomy":"product_cat","embeddable":true,"href":"https:\/\/valorsolutions.ca\/fr\/wp-json\/wp\/v2\/product_cat?post=3271"},{"taxonomy":"product_tag","embeddable":true,"href":"https:\/\/valorsolutions.ca\/fr\/wp-json\/wp\/v2\/product_tag?post=3271"}],"curies":[{"name":"wp","href":"https:\/\/api.w.org\/{rel}","templated":true}]}}