{"id":3257,"date":"2024-07-26T17:06:32","date_gmt":"2024-07-26T17:06:32","guid":{"rendered":"https:\/\/valorsolutions.ca\/?post_type=product&#038;p=3257"},"modified":"2025-09-04T13:47:17","modified_gmt":"2025-09-04T17:47:17","slug":"psychiatrie-et-integration-communautaire","status":"publish","type":"product","link":"https:\/\/valorsolutions.ca\/fr\/product\/psychiatrie-et-integration-communautaire\/","title":{"rendered":"Psychiatrie et int\u00e9gration communautaire"},"content":{"rendered":"\t\t<div data-elementor-type=\"product-post\" data-elementor-id=\"3257\" class=\"elementor elementor-3257\" data-elementor-post-type=\"product\">\n\t\t\t\t<div class=\"elementor-element elementor-element-91eba25 e-flex e-con-boxed e-con e-parent\" data-id=\"91eba25\" data-element_type=\"container\">\n\t\t\t\t\t<div class=\"e-con-inner\">\n\t\t\t\t<div class=\"elementor-element elementor-element-b387c2a elementor-widget elementor-widget-text-editor\" data-id=\"b387c2a\" data-element_type=\"widget\" data-widget_type=\"text-editor.default\">\n\t\t\t\t<div class=\"elementor-widget-container\">\n\t\t\t\t\t\t\t\t\t<p>A l\u2019occasion de son dixi\u00e8me anniversaire, en 1989, l\u2019Association Trajets a organis\u00e9 le 13 juin 1989, entre autres manifestations, une journ\u00e9e d\u2019\u00e9tudes sur le th\u00e8me de \u00ab D\u00e9sinstitutionnalisation et Int\u00e9gration communautaire \u00bb.<\/p><p>Cette rencontre, patronn\u00e9e par le D\u00e9partement de la Pr\u00e9voyance Sociale et de la Sant\u00e9 Publique du Canton de Gen\u00e8ve et les Institutions Universitaires de Psychiatrie de Gen\u00e8ve, a permis \u00e0 des \u00e9quipes en provenance d\u2019Italie et du Canada, invit\u00e9es pour la circonstance, de partager leurs points de vue et leurs exp\u00e9riences dans ce domaine, et de poursuivre la r\u00e9flexion entam\u00e9e d\u00e9j\u00e0 depuis quelques ann\u00e9es avec bon nombre de participants.<\/p>\t\t\t\t\t\t\t\t<\/div>\n\t\t\t\t<\/div>\n\t\t\t\t\t<\/div>\n\t\t\t\t<\/div>\n\t\t\t\t<\/div>\n\t\t","protected":false},"excerpt":{"rendered":"<p>A l\u2019occasion de son dixi\u00e8me anniversaire, en 1989, l\u2019Association Trajets a organis\u00e9 le 13 juin 1989, entre autres manifestations, une journ\u00e9e d\u2019\u00e9tudes sur le th\u00e8me de \u00ab D\u00e9sinstitutionnalisation et Int\u00e9gration communautaire \u00bb. Cette rencontre, patronn\u00e9e par le D\u00e9partement de la Pr\u00e9voyance Sociale et de la Sant\u00e9 Publique du Canton de Gen\u00e8ve et les Institutions Universitaires [&hellip;]<\/p>\n","protected":false},"featured_media":3258,"comment_status":"open","ping_status":"closed","template":"","meta":{"_acf_changed":false},"filter-for-training":[],"product_brand":[],"product_cat":[161,189],"product_tag":[191],"class_list":{"0":"post-3257","1":"product","2":"type-product","3":"status-publish","4":"has-post-thumbnail","6":"product_cat-autre-fr","7":"product_cat-autre-fr-2","8":"product_tag-francais-fr","10":"first","11":"instock","12":"taxable","13":"shipping-taxable","14":"purchasable","15":"product-type-simple"},"acf":[],"_links":{"self":[{"href":"https:\/\/valorsolutions.ca\/fr\/wp-json\/wp\/v2\/product\/3257","targetHints":{"allow":["GET"]}}],"collection":[{"href":"https:\/\/valorsolutions.ca\/fr\/wp-json\/wp\/v2\/product"}],"about":[{"href":"https:\/\/valorsolutions.ca\/fr\/wp-json\/wp\/v2\/types\/product"}],"replies":[{"embeddable":true,"href":"https:\/\/valorsolutions.ca\/fr\/wp-json\/wp\/v2\/comments?post=3257"}],"version-history":[{"count":1,"href":"https:\/\/valorsolutions.ca\/fr\/wp-json\/wp\/v2\/product\/3257\/revisions"}],"predecessor-version":[{"id":5842,"href":"https:\/\/valorsolutions.ca\/fr\/wp-json\/wp\/v2\/product\/3257\/revisions\/5842"}],"wp:featuredmedia":[{"embeddable":true,"href":"https:\/\/valorsolutions.ca\/fr\/wp-json\/wp\/v2\/media\/3258"}],"wp:attachment":[{"href":"https:\/\/valorsolutions.ca\/fr\/wp-json\/wp\/v2\/media?parent=3257"}],"wp:term":[{"taxonomy":"filter-for-training","embeddable":true,"href":"https:\/\/valorsolutions.ca\/fr\/wp-json\/wp\/v2\/filter-for-training?post=3257"},{"taxonomy":"product_brand","embeddable":true,"href":"https:\/\/valorsolutions.ca\/fr\/wp-json\/wp\/v2\/product_brand?post=3257"},{"taxonomy":"product_cat","embeddable":true,"href":"https:\/\/valorsolutions.ca\/fr\/wp-json\/wp\/v2\/product_cat?post=3257"},{"taxonomy":"product_tag","embeddable":true,"href":"https:\/\/valorsolutions.ca\/fr\/wp-json\/wp\/v2\/product_tag?post=3257"}],"curies":[{"name":"wp","href":"https:\/\/api.w.org\/{rel}","templated":true}]}}