{"id":3154,"date":"2024-07-26T14:56:08","date_gmt":"2024-07-26T14:56:08","guid":{"rendered":"https:\/\/valorsolutions.ca\/?post_type=product&#038;p=3154"},"modified":"2025-09-04T13:32:37","modified_gmt":"2025-09-04T17:32:37","slug":"une-vraie-vie","status":"publish","type":"product","link":"https:\/\/valorsolutions.ca\/fr\/product\/une-vraie-vie\/","title":{"rendered":"Une vraie vie"},"content":{"rendered":"\t\t<div data-elementor-type=\"product-post\" data-elementor-id=\"3154\" class=\"elementor elementor-3154\" data-elementor-post-type=\"product\">\n\t\t\t\t<div class=\"elementor-element elementor-element-f4c7710 e-flex e-con-boxed e-con e-parent\" data-id=\"f4c7710\" data-element_type=\"container\">\n\t\t\t\t\t<div class=\"e-con-inner\">\n\t\t\t\t<div class=\"elementor-element elementor-element-2dd3514 elementor-widget elementor-widget-text-editor\" data-id=\"2dd3514\" data-element_type=\"widget\" data-widget_type=\"text-editor.default\">\n\t\t\t\t<div class=\"elementor-widget-container\">\n\t\t\t\t\t\t\t\t\t<p>Ecrit sans gueule de bois, dans des mots simples, directs, \u00e9mouvants, Al Etmanski nous offre une vision de parents de ce qu\u2019est une vraie vie, une bonne vie, pour leur enfant handicap\u00e9.<\/p><p>De nombreuses familles dont un des membres est handicap\u00e9, ont longtemps pens\u00e9 que les services mis sur pied, financ\u00e9s et g\u00e9r\u00e9s par les programmes gouvernementaux depuis 15 ans dans leur communaut\u00e9 pourraient r\u00e9pondre \u00e0 leurs besoins, et surtout assurer \u00e0 leurs proches des vies de qualit\u00e9. Force leur est de constater que, bien souvent, ces services ne sont pas \u00e0 la hauteur de leurs attentes, de leurs espoirs.Les syst\u00e8mes de services ne seront jamais vraiment \u00e0 la hauteur des attentes des parents.<\/p><p>Leur mission est de dispenser des services de la meilleure qualit\u00e9 possible au meilleur co\u00fbt possible. Leur nature les dispose davantage \u00e0 offrir salaires, carri\u00e8res et milieux de travail \u00e0 des professionnels, plut\u00f4t que de cr\u00e9er des vraies vies pour les personnes qu\u2019ils soutiennent.<\/p><p>Pour que leurs proches handicap\u00e9s soient en mesure de vivre de vraies vies o\u00f9 leurs contributions sont reconnues par le biais de relations sociales stables, o\u00f9 ils sont acteurs de leur vie, propri\u00e9taires, citoyens, vraiment responsables des services qu\u2019ils re\u00e7oivent, les parents et les membres de leur famille doivent prendre eux-m\u00eames les choses en main. Cet ouvrage les inspirera et leur donnera des pistes.<\/p>\t\t\t\t\t\t\t\t<\/div>\n\t\t\t\t<\/div>\n\t\t\t\t\t<\/div>\n\t\t\t\t<\/div>\n\t\t\t\t<\/div>\n\t\t","protected":false},"excerpt":{"rendered":"<p>Ecrit sans gueule de bois, dans des mots simples, directs, \u00e9mouvants, Al Etmanski nous offre une vision de parents de ce qu\u2019est une vraie vie, une bonne vie, pour leur enfant handicap\u00e9. De nombreuses familles dont un des membres est handicap\u00e9, ont longtemps pens\u00e9 que les services mis sur pied, financ\u00e9s et g\u00e9r\u00e9s par les [&hellip;]<\/p>\n","protected":false},"featured_media":3155,"comment_status":"open","ping_status":"closed","template":"","meta":{"_acf_changed":false},"filter-for-training":[],"product_brand":[],"product_cat":[189,161],"product_tag":[191],"class_list":{"0":"post-3154","1":"product","2":"type-product","3":"status-publish","4":"has-post-thumbnail","6":"product_cat-autre-fr-2","7":"product_cat-autre-fr","8":"product_tag-francais-fr","10":"first","11":"instock","12":"taxable","13":"shipping-taxable","14":"purchasable","15":"product-type-simple"},"acf":[],"_links":{"self":[{"href":"https:\/\/valorsolutions.ca\/fr\/wp-json\/wp\/v2\/product\/3154","targetHints":{"allow":["GET"]}}],"collection":[{"href":"https:\/\/valorsolutions.ca\/fr\/wp-json\/wp\/v2\/product"}],"about":[{"href":"https:\/\/valorsolutions.ca\/fr\/wp-json\/wp\/v2\/types\/product"}],"replies":[{"embeddable":true,"href":"https:\/\/valorsolutions.ca\/fr\/wp-json\/wp\/v2\/comments?post=3154"}],"version-history":[{"count":1,"href":"https:\/\/valorsolutions.ca\/fr\/wp-json\/wp\/v2\/product\/3154\/revisions"}],"predecessor-version":[{"id":5849,"href":"https:\/\/valorsolutions.ca\/fr\/wp-json\/wp\/v2\/product\/3154\/revisions\/5849"}],"wp:featuredmedia":[{"embeddable":true,"href":"https:\/\/valorsolutions.ca\/fr\/wp-json\/wp\/v2\/media\/3155"}],"wp:attachment":[{"href":"https:\/\/valorsolutions.ca\/fr\/wp-json\/wp\/v2\/media?parent=3154"}],"wp:term":[{"taxonomy":"filter-for-training","embeddable":true,"href":"https:\/\/valorsolutions.ca\/fr\/wp-json\/wp\/v2\/filter-for-training?post=3154"},{"taxonomy":"product_brand","embeddable":true,"href":"https:\/\/valorsolutions.ca\/fr\/wp-json\/wp\/v2\/product_brand?post=3154"},{"taxonomy":"product_cat","embeddable":true,"href":"https:\/\/valorsolutions.ca\/fr\/wp-json\/wp\/v2\/product_cat?post=3154"},{"taxonomy":"product_tag","embeddable":true,"href":"https:\/\/valorsolutions.ca\/fr\/wp-json\/wp\/v2\/product_tag?post=3154"}],"curies":[{"name":"wp","href":"https:\/\/api.w.org\/{rel}","templated":true}]}}