{"id":3130,"date":"2024-07-26T14:28:16","date_gmt":"2024-07-26T14:28:16","guid":{"rendered":"https:\/\/valorsolutions.ca\/?post_type=product&#038;p=3130"},"modified":"2025-09-04T13:36:44","modified_gmt":"2025-09-04T17:36:44","slug":"valoriser-par-les-roles-sociaux-une-dynamique-pour-linclusion","status":"publish","type":"product","link":"https:\/\/valorsolutions.ca\/fr\/product\/valoriser-par-les-roles-sociaux-une-dynamique-pour-linclusion\/","title":{"rendered":"Valoriser par les r\u00f4les sociaux, une dynamique pour l\u2019inclusion"},"content":{"rendered":"\t\t<div data-elementor-type=\"product-post\" data-elementor-id=\"3130\" class=\"elementor elementor-3130\" data-elementor-post-type=\"product\">\n\t\t\t\t<div class=\"elementor-element elementor-element-fb0c6ab e-flex e-con-boxed e-con e-parent\" data-id=\"fb0c6ab\" data-element_type=\"container\">\n\t\t\t\t\t<div class=\"e-con-inner\">\n\t\t\t\t<div class=\"elementor-element elementor-element-a36b4ab elementor-widget elementor-widget-heading\" data-id=\"a36b4ab\" data-element_type=\"widget\" data-widget_type=\"heading.default\">\n\t\t\t\t<div class=\"elementor-widget-container\">\n\t\t\t\t\t<h5 class=\"elementor-heading-title elementor-size-default\">Synopsis :<\/h5>\t\t\t\t<\/div>\n\t\t\t\t<\/div>\n\t\t\t\t<div class=\"elementor-element elementor-element-75ce070 elementor-widget elementor-widget-text-editor\" data-id=\"75ce070\" data-element_type=\"widget\" data-widget_type=\"text-editor.default\">\n\t\t\t\t<div class=\"elementor-widget-container\">\n\t\t\t\t\t\t\t\t\t<p>L\u2019inclusion des personnes en situation de handicap ou d\u2019exclusion sociale est un enjeu majeur de notre soci\u00e9t\u00e9. Pourtant, malgr\u00e9 les incantations pour sa mise en \u0153uvre, et parce qu\u2019elle impose une profonde transformation soci\u00e9tale, elle n\u2019avance pas assez vite. Dans cette entretien avec Laetitia Delhon, Raymond Lemay, sp\u00e9cialiste de la Valorisation des r\u00f4les sociaux (VRS) montre que cette approche de l\u2019intervention sociale constitue une voie d\u2019excellence pour l\u2019int\u00e9gration r\u00e9elle des personnes vuln\u00e9rables. Cet outil pourra permettre aux professionnels du travail social et m\u00e9dico-social de s\u2019approprier les principes de la VRS et de transformer le quotidien des personnes accompagn\u00e9es pour leur redonner leur juste place, avec les autres et comme les autres.<\/p>\t\t\t\t\t\t\t\t<\/div>\n\t\t\t\t<\/div>\n\t\t\t\t<div class=\"elementor-element elementor-element-7229b8a elementor-widget elementor-widget-heading\" data-id=\"7229b8a\" data-element_type=\"widget\" data-widget_type=\"heading.default\">\n\t\t\t\t<div class=\"elementor-widget-container\">\n\t\t\t\t\t<h5 class=\"elementor-heading-title elementor-size-default\">Auteurs :<\/h5>\t\t\t\t<\/div>\n\t\t\t\t<\/div>\n\t\t\t\t<div class=\"elementor-element elementor-element-65ecfd7 elementor-list-item-link-inline elementor-icon-list--layout-traditional elementor-widget elementor-widget-icon-list\" data-id=\"65ecfd7\" data-element_type=\"widget\" data-widget_type=\"icon-list.default\">\n\t\t\t\t<div class=\"elementor-widget-container\">\n\t\t\t\t\t\t\t<ul class=\"elementor-icon-list-items\">\n\t\t\t\t\t\t\t<li class=\"elementor-icon-list-item\">\n\t\t\t\t\t\t\t\t\t\t\t<span class=\"elementor-icon-list-icon\">\n\t\t\t\t\t\t\t<svg aria-hidden=\"true\" class=\"e-font-icon-svg e-fas-circle\" viewBox=\"0 0 512 512\" xmlns=\"http:\/\/www.w3.org\/2000\/svg\"><path d=\"M256 8C119 8 8 119 8 256s111 248 248 248 248-111 248-248S393 8 256 8z\"><\/path><\/svg>\t\t\t\t\t\t<\/span>\n\t\t\t\t\t\t\t\t\t\t<span class=\"elementor-icon-list-text\"><b>Raymond Lemay<\/b>  est directeur g\u00e9n\u00e9ral des Services aux enfants et familles de Lanark, Leeds et Grenville en Ontario (Canada) et membre fondateur de l\u2019Association internationale pour la VRS(AIVRS).<\/span>\n\t\t\t\t\t\t\t\t\t<\/li>\n\t\t\t\t\t\t\t\t<li class=\"elementor-icon-list-item\">\n\t\t\t\t\t\t\t\t\t\t\t<span class=\"elementor-icon-list-icon\">\n\t\t\t\t\t\t\t<svg aria-hidden=\"true\" class=\"e-font-icon-svg e-fas-circle\" viewBox=\"0 0 512 512\" xmlns=\"http:\/\/www.w3.org\/2000\/svg\"><path d=\"M256 8C119 8 8 119 8 256s111 248 248 248 248-111 248-248S393 8 256 8z\"><\/path><\/svg>\t\t\t\t\t\t<\/span>\n\t\t\t\t\t\t\t\t\t\t<span class=\"elementor-icon-list-text\"><b>Laetitia Delhon <\/b>est journaliste, sp\u00e9cialis\u00e9e dans le travail social et m\u00e9dico-social. <\/span>\n\t\t\t\t\t\t\t\t\t<\/li>\n\t\t\t\t\t\t<\/ul>\n\t\t\t\t\t\t<\/div>\n\t\t\t\t<\/div>\n\t\t\t\t\t<\/div>\n\t\t\t\t<\/div>\n\t\t\t\t<\/div>\n\t\t","protected":false},"excerpt":{"rendered":"<p>Synopsis : L\u2019inclusion des personnes en situation de handicap ou d\u2019exclusion sociale est un enjeu majeur de notre soci\u00e9t\u00e9. Pourtant, malgr\u00e9 les incantations pour sa mise en \u0153uvre, et parce qu\u2019elle impose une profonde transformation soci\u00e9tale, elle n\u2019avance pas assez vite. Dans cette entretien avec Laetitia Delhon, Raymond Lemay, sp\u00e9cialiste de la Valorisation des r\u00f4les [&hellip;]<\/p>\n","protected":false},"featured_media":3131,"comment_status":"open","ping_status":"closed","template":"","meta":{"_acf_changed":false},"filter-for-training":[],"product_brand":[],"product_cat":[189],"product_tag":[191],"class_list":{"0":"post-3130","1":"product","2":"type-product","3":"status-publish","4":"has-post-thumbnail","6":"product_cat-autre-fr-2","7":"product_tag-francais-fr","9":"first","10":"instock","11":"taxable","12":"shipping-taxable","13":"purchasable","14":"product-type-simple"},"acf":[],"_links":{"self":[{"href":"https:\/\/valorsolutions.ca\/fr\/wp-json\/wp\/v2\/product\/3130","targetHints":{"allow":["GET"]}}],"collection":[{"href":"https:\/\/valorsolutions.ca\/fr\/wp-json\/wp\/v2\/product"}],"about":[{"href":"https:\/\/valorsolutions.ca\/fr\/wp-json\/wp\/v2\/types\/product"}],"replies":[{"embeddable":true,"href":"https:\/\/valorsolutions.ca\/fr\/wp-json\/wp\/v2\/comments?post=3130"}],"version-history":[{"count":1,"href":"https:\/\/valorsolutions.ca\/fr\/wp-json\/wp\/v2\/product\/3130\/revisions"}],"predecessor-version":[{"id":5850,"href":"https:\/\/valorsolutions.ca\/fr\/wp-json\/wp\/v2\/product\/3130\/revisions\/5850"}],"wp:featuredmedia":[{"embeddable":true,"href":"https:\/\/valorsolutions.ca\/fr\/wp-json\/wp\/v2\/media\/3131"}],"wp:attachment":[{"href":"https:\/\/valorsolutions.ca\/fr\/wp-json\/wp\/v2\/media?parent=3130"}],"wp:term":[{"taxonomy":"filter-for-training","embeddable":true,"href":"https:\/\/valorsolutions.ca\/fr\/wp-json\/wp\/v2\/filter-for-training?post=3130"},{"taxonomy":"product_brand","embeddable":true,"href":"https:\/\/valorsolutions.ca\/fr\/wp-json\/wp\/v2\/product_brand?post=3130"},{"taxonomy":"product_cat","embeddable":true,"href":"https:\/\/valorsolutions.ca\/fr\/wp-json\/wp\/v2\/product_cat?post=3130"},{"taxonomy":"product_tag","embeddable":true,"href":"https:\/\/valorsolutions.ca\/fr\/wp-json\/wp\/v2\/product_tag?post=3130"}],"curies":[{"name":"wp","href":"https:\/\/api.w.org\/{rel}","templated":true}]}}