{"id":3040,"date":"2024-07-26T13:12:24","date_gmt":"2024-07-26T13:12:24","guid":{"rendered":"https:\/\/valorsolutions.ca\/?post_type=product&#038;p=3040"},"modified":"2025-09-04T13:54:22","modified_gmt":"2025-09-04T17:54:22","slug":"qcev-analogique","status":"publish","type":"product","link":"https:\/\/valorsolutions.ca\/fr\/product\/qcev-analogique\/","title":{"rendered":"QCEV analogique"},"content":{"rendered":"\t\t<div data-elementor-type=\"product-post\" data-elementor-id=\"3040\" class=\"elementor elementor-3040\" data-elementor-post-type=\"product\">\n\t\t\t\t<div class=\"elementor-element elementor-element-842ba96 e-flex e-con-boxed e-con e-parent\" data-id=\"842ba96\" data-element_type=\"container\">\n\t\t\t\t\t<div class=\"e-con-inner\">\n\t\t\t\t<div class=\"elementor-element elementor-element-c185cf8 elementor-widget elementor-widget-text-editor\" data-id=\"c185cf8\" data-element_type=\"widget\" data-widget_type=\"text-editor.default\">\n\t\t\t\t<div class=\"elementor-widget-container\">\n\t\t\t\t\t\t\t\t\t<p>Ce qui est mesur\u00e9 attire l\u2019attention et, ainsi, cet outil d\u2019\u00e9valuation de la Qualit\u00e9 des Conditions et Exp\u00e9riences de Vie (QCEV) estime si l\u2019intervention fait une diff\u00e9rence r\u00e9elle et tangible dans la vie des gens qui utilisent des services humains, quels qu\u2019ils soient.<\/p><p>Le but de l\u2019intervention est de permettre \u00e0 la personne de mener une vie pleine et de b\u00e9n\u00e9ficier des bonnes choses de la vie. L\u2019objectif de cet outil est de permettre \u00e0 l\u2019intervenant de mesurer l\u2019efficacit\u00e9 de ses interventions et, s\u2019il y a lieu, de les modifier.<\/p><p><strong>Veuillez appuyer sur le lien ci-dessous pour t\u00e9l\u00e9charger la version PDF de l\u2019\u00e9chelle analogique (formulaire des mesures).<\/strong><\/p><p><strong><a href=\"https:\/\/presse.valorsolutions.ca\/images\/qcev_analogique_-_3e_e%CC%81dition.pdf\" target=\"_blank\" rel=\"noopener\">QCEV ANALOGIQUE (Formulaire des mesures) &#8211; 3e \u00e9dition<\/a><br \/><\/strong><\/p>\t\t\t\t\t\t\t\t<\/div>\n\t\t\t\t<\/div>\n\t\t\t\t\t<\/div>\n\t\t\t\t<\/div>\n\t\t\t\t<\/div>\n\t\t","protected":false},"excerpt":{"rendered":"<p>Ce qui est mesur\u00e9 attire l\u2019attention et, ainsi, cet outil d\u2019\u00e9valuation de la Qualit\u00e9 des Conditions et Exp\u00e9riences de Vie (QCEV) estime si l\u2019intervention fait une diff\u00e9rence r\u00e9elle et tangible dans la vie des gens qui utilisent des services humains, quels qu\u2019ils soient. Le but de l\u2019intervention est de permettre \u00e0 la personne de mener [&hellip;]<\/p>\n","protected":false},"featured_media":1934,"comment_status":"open","ping_status":"closed","template":"","meta":{"_acf_changed":false},"filter-for-training":[],"product_brand":[],"product_cat":[189],"product_tag":[191],"class_list":{"0":"post-3040","1":"product","2":"type-product","3":"status-publish","4":"has-post-thumbnail","6":"product_cat-autre-fr-2","7":"product_tag-francais-fr","9":"first","10":"instock","11":"taxable","12":"shipping-taxable","13":"purchasable","14":"product-type-simple"},"acf":[],"_links":{"self":[{"href":"https:\/\/valorsolutions.ca\/fr\/wp-json\/wp\/v2\/product\/3040","targetHints":{"allow":["GET"]}}],"collection":[{"href":"https:\/\/valorsolutions.ca\/fr\/wp-json\/wp\/v2\/product"}],"about":[{"href":"https:\/\/valorsolutions.ca\/fr\/wp-json\/wp\/v2\/types\/product"}],"replies":[{"embeddable":true,"href":"https:\/\/valorsolutions.ca\/fr\/wp-json\/wp\/v2\/comments?post=3040"}],"version-history":[{"count":3,"href":"https:\/\/valorsolutions.ca\/fr\/wp-json\/wp\/v2\/product\/3040\/revisions"}],"predecessor-version":[{"id":6842,"href":"https:\/\/valorsolutions.ca\/fr\/wp-json\/wp\/v2\/product\/3040\/revisions\/6842"}],"wp:featuredmedia":[{"embeddable":true,"href":"https:\/\/valorsolutions.ca\/fr\/wp-json\/wp\/v2\/media\/1934"}],"wp:attachment":[{"href":"https:\/\/valorsolutions.ca\/fr\/wp-json\/wp\/v2\/media?parent=3040"}],"wp:term":[{"taxonomy":"filter-for-training","embeddable":true,"href":"https:\/\/valorsolutions.ca\/fr\/wp-json\/wp\/v2\/filter-for-training?post=3040"},{"taxonomy":"product_brand","embeddable":true,"href":"https:\/\/valorsolutions.ca\/fr\/wp-json\/wp\/v2\/product_brand?post=3040"},{"taxonomy":"product_cat","embeddable":true,"href":"https:\/\/valorsolutions.ca\/fr\/wp-json\/wp\/v2\/product_cat?post=3040"},{"taxonomy":"product_tag","embeddable":true,"href":"https:\/\/valorsolutions.ca\/fr\/wp-json\/wp\/v2\/product_tag?post=3040"}],"curies":[{"name":"wp","href":"https:\/\/api.w.org\/{rel}","templated":true}]}}