{"id":5392,"date":"2024-06-25T08:57:30","date_gmt":"2024-06-25T12:57:30","guid":{"rendered":"https:\/\/valorsolutions.ca\/gestion-de-projet\/"},"modified":"2025-11-23T22:17:42","modified_gmt":"2025-11-24T03:17:42","slug":"gestion-de-projet","status":"publish","type":"page","link":"https:\/\/valorsolutions.ca\/fr\/gestion-de-projet\/","title":{"rendered":"Gestion de projet"},"content":{"rendered":"\t\t<div data-elementor-type=\"wp-page\" data-elementor-id=\"5392\" class=\"elementor elementor-5392 elementor-1795\" data-elementor-post-type=\"page\">\n\t\t\t\t<div class=\"elementor-element elementor-element-f4d4e72 e-flex e-con-boxed e-con e-parent\" data-id=\"f4d4e72\" data-element_type=\"container\" data-settings=\"{&quot;background_background&quot;:&quot;classic&quot;}\">\n\t\t\t\t\t<div class=\"e-con-inner\">\n\t\t<div class=\"elementor-element elementor-element-971d900 e-flex e-con-boxed e-con e-child\" data-id=\"971d900\" data-element_type=\"container\">\n\t\t\t\t\t<div class=\"e-con-inner\">\n\t\t\t\t<div class=\"elementor-element elementor-element-355890a elementor-widget elementor-widget-heading\" data-id=\"355890a\" data-element_type=\"widget\" data-widget_type=\"heading.default\">\n\t\t\t\t<div class=\"elementor-widget-container\">\n\t\t\t\t\t<h1 class=\"elementor-heading-title elementor-size-default\">Gestion de projet<\/h1>\t\t\t\t<\/div>\n\t\t\t\t<\/div>\n\t\t\t\t<div class=\"elementor-element elementor-element-c8e0ded elementor-icon-list--layout-inline elementor-list-item-link-inline elementor-align-center innerlinking elementor-widget elementor-widget-icon-list\" data-id=\"c8e0ded\" data-element_type=\"widget\" data-widget_type=\"icon-list.default\">\n\t\t\t\t<div class=\"elementor-widget-container\">\n\t\t\t\t\t\t\t<ul class=\"elementor-icon-list-items elementor-inline-items\">\n\t\t\t\t\t\t\t<li class=\"elementor-icon-list-item elementor-inline-item\">\n\t\t\t\t\t\t\t\t\t\t\t<a href=\"https:\/\/valorsolutions.ca\/fr\/services-cliniques\/#our-approach\">\n\n\t\t\t\t\t\t\t\t\t\t\t\t<span class=\"elementor-icon-list-icon\">\n\t\t\t\t\t\t\t<svg xmlns=\"http:\/\/www.w3.org\/2000\/svg\" width=\"24\" height=\"25\" viewBox=\"0 0 24 25\" fill=\"none\"><path d=\"M12 20.5L18 14.5M12 20.5L6 14.5M12 20.5V10M12 4.5V7\" stroke=\"black\" stroke-width=\"1.5\" stroke-linecap=\"round\" stroke-linejoin=\"round\"><\/path><\/svg>\t\t\t\t\t\t<\/span>\n\t\t\t\t\t\t\t\t\t\t<span class=\"elementor-icon-list-text\">Notre approche<\/span>\n\t\t\t\t\t\t\t\t\t\t\t<\/a>\n\t\t\t\t\t\t\t\t\t<\/li>\n\t\t\t\t\t\t\t\t<li class=\"elementor-icon-list-item elementor-inline-item\">\n\t\t\t\t\t\t\t\t\t\t\t<a href=\"#training\">\n\n\t\t\t\t\t\t\t\t\t\t\t\t<span class=\"elementor-icon-list-icon\">\n\t\t\t\t\t\t\t<svg xmlns=\"http:\/\/www.w3.org\/2000\/svg\" width=\"24\" height=\"25\" viewBox=\"0 0 24 25\" fill=\"none\"><path d=\"M12 20.5L18 14.5M12 20.5L6 14.5M12 20.5V10M12 4.5V7\" stroke=\"black\" stroke-width=\"1.5\" stroke-linecap=\"round\" stroke-linejoin=\"round\"><\/path><\/svg>\t\t\t\t\t\t<\/span>\n\t\t\t\t\t\t\t\t\t\t<span class=\"elementor-icon-list-text\">Formation<\/span>\n\t\t\t\t\t\t\t\t\t\t\t<\/a>\n\t\t\t\t\t\t\t\t\t<\/li>\n\t\t\t\t\t\t<\/ul>\n\t\t\t\t\t\t<\/div>\n\t\t\t\t<\/div>\n\t\t\t\t\t<\/div>\n\t\t\t\t<\/div>\n\t\t\t\t\t<\/div>\n\t\t\t\t<\/div>\n\t\t<div class=\"elementor-element elementor-element-5bf8e52 e-flex e-con-boxed e-con e-parent\" data-id=\"5bf8e52\" data-element_type=\"container\" id=\"approach\" data-settings=\"{&quot;background_background&quot;:&quot;classic&quot;}\">\n\t\t\t\t\t<div class=\"e-con-inner\">\n\t\t<div class=\"elementor-element elementor-element-1cd0f17 e-con-full e-flex e-con e-child\" data-id=\"1cd0f17\" data-element_type=\"container\" data-settings=\"{&quot;background_background&quot;:&quot;classic&quot;}\">\n\t\t\t\t<div class=\"elementor-element elementor-element-4c3bbf2 elementor-widget__width-initial elementor-widget-tablet__width-inherit elementor-widget elementor-widget-text-editor\" data-id=\"4c3bbf2\" data-element_type=\"widget\" data-widget_type=\"text-editor.default\">\n\t\t\t\t<div class=\"elementor-widget-container\">\n\t\t\t\t\t\t\t\t\t<p><strong>Valor &amp; Solutions : <\/strong>o\u00f9 la gestion de projet rencontre la passion pour l&rsquo;impact social.<\/p>\n<p>Nous ne nous contentons pas de respecter des d\u00e9lais et d&rsquo;\u00e9laborer des strat\u00e9gies ; nous sommes les catalyseurs du changement positif. En nous sp\u00e9cialisant dans des formations sur mesure et une planification participative, nous propulsons les organisations sociales vers de nouveaux sommets. Rejoignez-nous dans ce voyage pour transformer des visions en r\u00e9alit\u00e9. Cr\u00e9ons ensemble un impact durable !<\/p>\n\t\t\t\t\t\t\t\t<\/div>\n\t\t\t\t<\/div>\n\t\t\t\t<\/div>\n\t\t\t\t\t<\/div>\n\t\t\t\t<\/div>\n\t\t<div class=\"elementor-element elementor-element-f1c3fa0 e-flex e-con-boxed e-con e-parent\" data-id=\"f1c3fa0\" data-element_type=\"container\" data-settings=\"{&quot;background_background&quot;:&quot;classic&quot;}\">\n\t\t\t\t\t<div class=\"e-con-inner\">\n\t\t<div class=\"elementor-element elementor-element-0a8b9a2 e-flex e-con-boxed e-con e-child\" data-id=\"0a8b9a2\" data-element_type=\"container\">\n\t\t\t\t\t<div class=\"e-con-inner\">\n\t\t<div class=\"elementor-element elementor-element-0f281be e-flex e-con-boxed e-con e-child\" data-id=\"0f281be\" data-element_type=\"container\">\n\t\t\t\t\t<div class=\"e-con-inner\">\n\t\t\t\t<div class=\"elementor-element elementor-element-762284e elementor-widget elementor-widget-heading\" data-id=\"762284e\" data-element_type=\"widget\" data-widget_type=\"heading.default\">\n\t\t\t\t<div class=\"elementor-widget-container\">\n\t\t\t\t\t<h4 class=\"elementor-heading-title elementor-size-default\">Impact Collectif !<\/h4>\t\t\t\t<\/div>\n\t\t\t\t<\/div>\n\t\t\t\t<div class=\"elementor-element elementor-element-d534d75 elementor-widget elementor-widget-text-editor\" data-id=\"d534d75\" data-element_type=\"widget\" data-widget_type=\"text-editor.default\">\n\t\t\t\t<div class=\"elementor-widget-container\">\n\t\t\t\t\t\t\t\t\t<p><strong>Nous avons perfectionn\u00e9 l&rsquo;art de rassembler des partenaires pour renforcer leur capacit\u00e9 \u00e0 collaborer et \u00e0 atteindre leurs objectifs.<\/strong><\/p>\n<p>Nous savons que le v\u00e9ritable changement d\u00e9coule d&rsquo;une vision partag\u00e9e. En tant que partenaire de votre succ\u00e8s, nous favorisons l&rsquo;impact collectif en soutenant la collaboration lors des tables de planification, des comit\u00e9s et des partenariats communautaires. En agissant comme une base solide, Valor &amp; Solutions vous permet de vous concentrer sur ce qui compte vraiment.<\/p>\n<p>Notre expertise r\u00e9side dans la personnalisation de programmes de formation et l&rsquo;accompagnement des \u00e9quipes \u00e0 travers des processus de planification qui r\u00e9pondent \u00e0 vos besoins tout en unissant les \u00e9quipes pour un impact collectif puissant.<\/p>\n<p><strong>Transformons ensemble vos objectifs en une r\u00e9alit\u00e9 qui brillera dans nos communaut\u00e9s !<\/strong><\/p>\n\t\t\t\t\t\t\t\t<\/div>\n\t\t\t\t<\/div>\n\t\t\t\t\t<\/div>\n\t\t\t\t<\/div>\n\t\t<div class=\"elementor-element elementor-element-69276b9 e-flex e-con-boxed e-con e-child\" data-id=\"69276b9\" data-element_type=\"container\">\n\t\t\t\t\t<div class=\"e-con-inner\">\n\t\t\t\t<div class=\"elementor-element elementor-element-334ca51 elementor-widget elementor-widget-image\" data-id=\"334ca51\" data-element_type=\"widget\" data-widget_type=\"image.default\">\n\t\t\t\t<div class=\"elementor-widget-container\">\n\t\t\t\t\t\t\t\t\t\t\t\t\t\t\t<img fetchpriority=\"high\" decoding=\"async\" width=\"768\" height=\"513\" src=\"https:\/\/valorsolutions.ca\/wp-content\/uploads\/2025\/02\/8576-1-768x513.jpg\" class=\"attachment-medium_large size-medium_large wp-image-5981\" alt=\"\" srcset=\"https:\/\/valorsolutions.ca\/wp-content\/uploads\/2025\/02\/8576-1-768x513.jpg 768w, https:\/\/valorsolutions.ca\/wp-content\/uploads\/2025\/02\/8576-1-300x200.jpg 300w, https:\/\/valorsolutions.ca\/wp-content\/uploads\/2025\/02\/8576-1-1024x684.jpg 1024w, https:\/\/valorsolutions.ca\/wp-content\/uploads\/2025\/02\/8576-1-1536x1025.jpg 1536w, https:\/\/valorsolutions.ca\/wp-content\/uploads\/2025\/02\/8576-1-600x401.jpg 600w, https:\/\/valorsolutions.ca\/wp-content\/uploads\/2025\/02\/8576-1.jpg 1600w\" sizes=\"(max-width: 768px) 100vw, 768px\" \/>\t\t\t\t\t\t\t\t\t\t\t\t\t\t\t<\/div>\n\t\t\t\t<\/div>\n\t\t\t\t<div class=\"elementor-element elementor-element-878ef5b elementor-absolute elementor-widget elementor-widget-image\" data-id=\"878ef5b\" data-element_type=\"widget\" data-settings=\"{&quot;_position&quot;:&quot;absolute&quot;}\" data-widget_type=\"image.default\">\n\t\t\t\t<div class=\"elementor-widget-container\">\n\t\t\t\t\t\t\t\t\t\t\t\t\t\t\t<img decoding=\"async\" width=\"102\" height=\"93\" src=\"https:\/\/valorsolutions.ca\/wp-content\/uploads\/2024\/06\/ideas-img-icon.png\" class=\"attachment-thumbnail size-thumbnail wp-image-398\" alt=\"\" \/>\t\t\t\t\t\t\t\t\t\t\t\t\t\t\t<\/div>\n\t\t\t\t<\/div>\n\t\t\t\t\t<\/div>\n\t\t\t\t<\/div>\n\t\t\t\t\t<\/div>\n\t\t\t\t<\/div>\n\t\t<div class=\"elementor-element elementor-element-cb6c7cf e-flex e-con-boxed e-con e-child\" data-id=\"cb6c7cf\" data-element_type=\"container\">\n\t\t\t\t\t<div class=\"e-con-inner\">\n\t\t<div class=\"elementor-element elementor-element-eaacc14 e-flex e-con-boxed e-con e-child\" data-id=\"eaacc14\" data-element_type=\"container\">\n\t\t\t\t\t<div class=\"e-con-inner\">\n\t\t\t\t<div class=\"elementor-element elementor-element-8e85375 elementor-widget elementor-widget-image\" data-id=\"8e85375\" data-element_type=\"widget\" data-widget_type=\"image.default\">\n\t\t\t\t<div class=\"elementor-widget-container\">\n\t\t\t\t\t\t\t\t\t\t\t\t\t\t\t<img decoding=\"async\" width=\"768\" height=\"512\" src=\"https:\/\/valorsolutions.ca\/wp-content\/uploads\/2024\/08\/IMG_9177-768x512.jpg\" class=\"attachment-medium_large size-medium_large wp-image-4910\" alt=\"\" srcset=\"https:\/\/valorsolutions.ca\/wp-content\/uploads\/2024\/08\/IMG_9177-768x512.jpg 768w, https:\/\/valorsolutions.ca\/wp-content\/uploads\/2024\/08\/IMG_9177-300x200.jpg 300w, https:\/\/valorsolutions.ca\/wp-content\/uploads\/2024\/08\/IMG_9177-1024x683.jpg 1024w, https:\/\/valorsolutions.ca\/wp-content\/uploads\/2024\/08\/IMG_9177-1536x1024.jpg 1536w, https:\/\/valorsolutions.ca\/wp-content\/uploads\/2024\/08\/IMG_9177-600x400.jpg 600w, https:\/\/valorsolutions.ca\/wp-content\/uploads\/2024\/08\/IMG_9177.jpg 1920w\" sizes=\"(max-width: 768px) 100vw, 768px\" \/>\t\t\t\t\t\t\t\t\t\t\t\t\t\t\t<\/div>\n\t\t\t\t<\/div>\n\t\t\t\t\t<\/div>\n\t\t\t\t<\/div>\n\t\t<div class=\"elementor-element elementor-element-98e4150 e-flex e-con-boxed e-con e-child\" data-id=\"98e4150\" data-element_type=\"container\">\n\t\t\t\t\t<div class=\"e-con-inner\">\n\t\t\t\t<div class=\"elementor-element elementor-element-1029429 elementor-widget elementor-widget-text-editor\" data-id=\"1029429\" data-element_type=\"widget\" data-widget_type=\"text-editor.default\">\n\t\t\t\t<div class=\"elementor-widget-container\">\n\t\t\t\t\t\t\t\t\t<p>Collaborons de mani\u00e8re approfondie avec les organisations pour transformer leurs visions uniques en r\u00e9alit\u00e9s tangibles. Notre \u00e9quipe excelle dans les d\u00e9tails, veillant \u00e0 ce que <strong>chaque projet refl\u00e8te l&rsquo;essence de vos id\u00e9es et laisse une impression durable<\/strong>. Ensemble, \u00e9lever vos projets au-del\u00e0 de l&rsquo;ordinaire.<\/p>\n<p>&nbsp;<\/p>\n<p>Chez Valor &amp; Solutions, nous nous sp\u00e9cialisons dans l&rsquo;animation d&rsquo;activit\u00e9s de planification participative et strat\u00e9gique, guidant les organisations sociales et humaines \u00e0 travers le paysage complexe de la communication. Avec une \u00e9quipe d\u00e9di\u00e9e de coordonnateurs de projets, nous naviguons dans les complexit\u00e9s et trouvons des solutions novatrices. Qu&rsquo;il s&rsquo;agisse d&rsquo;\u00e9laborer une feuille de route pour la croissance ou de penser en dehors des sentiers battus, notre expertise garantit que chaque parcours de client est marqu\u00e9 par la <strong>clart\u00e9<\/strong>, <strong>l&rsquo;efficacit\u00e9<\/strong> et le <strong>succ\u00e8s<\/strong>.<\/p>\n\t\t\t\t\t\t\t\t<\/div>\n\t\t\t\t<\/div>\n\t\t\t\t\t<\/div>\n\t\t\t\t<\/div>\n\t\t\t\t\t<\/div>\n\t\t\t\t<\/div>\n\t\t\t\t\t<\/div>\n\t\t\t\t<\/div>\n\t\t<div class=\"elementor-element elementor-element-5053e9e e-flex e-con-boxed e-con e-parent\" data-id=\"5053e9e\" data-element_type=\"container\" id=\"training\" data-settings=\"{&quot;background_background&quot;:&quot;classic&quot;}\">\n\t\t\t\t\t<div class=\"e-con-inner\">\n\t\t<div class=\"elementor-element elementor-element-3168a93 e-con-full e-flex e-con e-child\" data-id=\"3168a93\" data-element_type=\"container\">\n\t\t\t\t<div class=\"elementor-element elementor-element-931a05f elementor-widget elementor-widget-heading\" data-id=\"931a05f\" data-element_type=\"widget\" data-widget_type=\"heading.default\">\n\t\t\t\t<div class=\"elementor-widget-container\">\n\t\t\t\t\t<h2 class=\"elementor-heading-title elementor-size-default\">Formation<\/h2>\t\t\t\t<\/div>\n\t\t\t\t<\/div>\n\t\t\t\t<div class=\"elementor-element elementor-element-c58d7f9 elementor-widget elementor-widget-text-editor\" data-id=\"c58d7f9\" data-element_type=\"widget\" data-widget_type=\"text-editor.default\">\n\t\t\t\t<div class=\"elementor-widget-container\">\n\t\t\t\t\t\t\t\t\t<p><strong>Nous sommes d\u00e9termin\u00e9s \u00e0 offrir des solutions de formation compl\u00e8tes, adapt\u00e9es aux besoins des organisations de services humains et sociaux, ainsi qu&rsquo;aux \u00e9quipes de gestion et d&rsquo;administration.<\/strong><\/p>\n<p>Avec un accent sur la livraison de formations cl\u00e9s en main et percutantes, nous proposons une vaste gamme de programmes et de services personnalis\u00e9s.<\/p>\n<p>Notre expertise inclut le d\u00e9veloppement de contenus de formation en ligne, la r\u00e9alisation de webinaires, et l&rsquo;animation de guides de formation professionnelle et d&rsquo;int\u00e9gration.<\/p>\n\t\t\t\t\t\t\t\t<\/div>\n\t\t\t\t<\/div>\n\t\t\t\t<\/div>\n\t\t<div class=\"elementor-element elementor-element-1cf1e79 e-con-full e-flex e-con e-child\" data-id=\"1cf1e79\" data-element_type=\"container\">\n\t\t\t\t<div class=\"elementor-element elementor-element-e7a92cf elementor-widget elementor-widget-image\" data-id=\"e7a92cf\" data-element_type=\"widget\" data-widget_type=\"image.default\">\n\t\t\t\t<div class=\"elementor-widget-container\">\n\t\t\t\t\t\t\t\t\t\t\t\t\t\t\t<img loading=\"lazy\" decoding=\"async\" width=\"300\" height=\"200\" src=\"https:\/\/valorsolutions.ca\/wp-content\/uploads\/2024\/08\/IMG_9157-300x200.jpg\" class=\"attachment-medium size-medium wp-image-4902\" alt=\"\" srcset=\"https:\/\/valorsolutions.ca\/wp-content\/uploads\/2024\/08\/IMG_9157-300x200.jpg 300w, https:\/\/valorsolutions.ca\/wp-content\/uploads\/2024\/08\/IMG_9157-1024x683.jpg 1024w, https:\/\/valorsolutions.ca\/wp-content\/uploads\/2024\/08\/IMG_9157-768x512.jpg 768w, https:\/\/valorsolutions.ca\/wp-content\/uploads\/2024\/08\/IMG_9157-1536x1024.jpg 1536w, https:\/\/valorsolutions.ca\/wp-content\/uploads\/2024\/08\/IMG_9157-600x400.jpg 600w, https:\/\/valorsolutions.ca\/wp-content\/uploads\/2024\/08\/IMG_9157.jpg 1920w\" sizes=\"(max-width: 300px) 100vw, 300px\" \/>\t\t\t\t\t\t\t\t\t\t\t\t\t\t\t<\/div>\n\t\t\t\t<\/div>\n\t\t\t\t<div class=\"elementor-element elementor-element-e851d53 elementor-widget elementor-widget-image\" data-id=\"e851d53\" data-element_type=\"widget\" data-widget_type=\"image.default\">\n\t\t\t\t<div class=\"elementor-widget-container\">\n\t\t\t\t\t\t\t\t\t\t\t\t\t\t\t<img loading=\"lazy\" decoding=\"async\" width=\"300\" height=\"200\" src=\"https:\/\/valorsolutions.ca\/wp-content\/uploads\/2024\/08\/IMG_9167-300x200.jpg\" class=\"attachment-medium size-medium wp-image-4904\" alt=\"\" srcset=\"https:\/\/valorsolutions.ca\/wp-content\/uploads\/2024\/08\/IMG_9167-300x200.jpg 300w, https:\/\/valorsolutions.ca\/wp-content\/uploads\/2024\/08\/IMG_9167-1024x683.jpg 1024w, https:\/\/valorsolutions.ca\/wp-content\/uploads\/2024\/08\/IMG_9167-768x512.jpg 768w, https:\/\/valorsolutions.ca\/wp-content\/uploads\/2024\/08\/IMG_9167-1536x1024.jpg 1536w, https:\/\/valorsolutions.ca\/wp-content\/uploads\/2024\/08\/IMG_9167-600x400.jpg 600w, https:\/\/valorsolutions.ca\/wp-content\/uploads\/2024\/08\/IMG_9167.jpg 1920w\" sizes=\"(max-width: 300px) 100vw, 300px\" \/>\t\t\t\t\t\t\t\t\t\t\t\t\t\t\t<\/div>\n\t\t\t\t<\/div>\n\t\t\t\t<\/div>\n\t\t\t\t\t<\/div>\n\t\t\t\t<\/div>\n\t\t<div class=\"elementor-element elementor-element-9075eeb e-flex e-con-boxed e-con e-parent\" data-id=\"9075eeb\" data-element_type=\"container\">\n\t\t\t\t\t<div class=\"e-con-inner\">\n\t\t\t\t<div class=\"elementor-element elementor-element-0236e1a elementor-widget elementor-widget-heading\" data-id=\"0236e1a\" data-element_type=\"widget\" data-widget_type=\"heading.default\">\n\t\t\t\t<div class=\"elementor-widget-container\">\n\t\t\t\t\t<h2 class=\"elementor-heading-title elementor-size-default\">Formations et \u00e9v\u00e9nements<\/h2>\t\t\t\t<\/div>\n\t\t\t\t<\/div>\n\t\t\t\t<div class=\"elementor-element elementor-element-b967505 elementor-widget elementor-widget-shortcode\" data-id=\"b967505\" data-element_type=\"widget\" data-widget_type=\"shortcode.default\">\n\t\t\t\t<div class=\"elementor-widget-container\">\n\t\t\t\t\t\t\t<div class=\"elementor-shortcode\">        <style>\n            .formations-table { display: grid; gap: 1rem; }\n            .formation-row { display: flex; gap: 1rem; align-items: flex-start; padding: 1rem; border: 1px solid #eee; border-radius: 12px; }\n            .formation-col-image { flex: 0 0 140px; max-width: 140px; }\n            .formation-col-image img { width: 100%; height: auto; display: block; border-radius: 8px; }\n            .formation-col-info { flex: 1 1 auto; min-width: 0; }\n            .formation-title { margin: 0 0 .25rem; font-weight: 700; font-size: 1.05rem; }\n            .formation-excerpt { margin: 0 0 .5rem; color: #555; line-height: 1.4; }\n            .formation-dates-label { font-weight: 600; margin: .25rem 0 .5rem; }\n            .formation-date-buttons { display: flex; flex-wrap: wrap; gap: .5rem; }\n            .formation-date-buttons a {\n                display: inline-block;\n                padding: .45rem .7rem;\n                border: 1px solid #ddd;\n                border-radius: 999px;\n                text-decoration: none;\n                font-size: .95rem;\n                line-height: 1;\n            }\n            @media (max-width: 640px) {\n                .formation-row { flex-direction: column; }\n                .formation-col-image { flex-basis: auto; max-width: 100%; }\n            }\n            .ft-debug { background:#fff6d6; border:1px solid #f3d27a; padding: .75rem 1rem; border-radius: 8px; margin:.5rem 0; font-family: ui-monospace, SFMono-Regular, Menlo, monospace; white-space: pre-wrap; }\n        <\/style>\n        <div class=\"formations-table\"><div class=\"formation-row\">  <div class=\"formation-col-image\"><img loading=\"lazy\" decoding=\"async\" width=\"200\" height=\"300\" src=\"https:\/\/valorsolutions.ca\/wp-content\/uploads\/2025\/11\/visuels-formation-site-web-training-image-1-200x300.jpg\" class=\"attachment-medium size-medium\" alt=\"\" loading=\"lazy\" srcset=\"https:\/\/valorsolutions.ca\/wp-content\/uploads\/2025\/11\/visuels-formation-site-web-training-image-1-200x300.jpg 200w, https:\/\/valorsolutions.ca\/wp-content\/uploads\/2025\/11\/visuels-formation-site-web-training-image-1-300x450.jpg 300w, https:\/\/valorsolutions.ca\/wp-content\/uploads\/2025\/11\/visuels-formation-site-web-training-image-1.jpg 400w\" sizes=\"auto, (max-width: 200px) 100vw, 200px\" \/><\/div>  <div class=\"formation-col-info\">    <h4 class=\"formation-title\">ASIST Training (English)<\/h4>    <p class=\"formation-excerpt\">Apprenez \u00e0 intervenir avec bienveillance, confiance et comp\u00e9tence \u2014 et devenez un maillon essentiel du R\u00e9seau de s\u00e9curit\u00e9. Heure : 8 h 30 \u00e0 16 h 30 Lieu : 1602, Telesat Ct, Ottawa Formateurs : Diane Martin et Maya Lightfoot\u2026<\/p>    <div class=\"formation-dates-label\">Dates disponibles&nbsp;:<\/div>    <div class=\"formation-date-buttons\"><a class=\"btn-date elementor-button\" href=\"https:\/\/valorsolutions.ca\/fr\/product\/asist-training-english-january-27-28-2026\/\" data-pid=\"7002\">Du 26 au 27 mai 2026<\/a>    <\/div>  <\/div><\/div><\/div><\/div>\n\t\t\t\t\t\t<\/div>\n\t\t\t\t<\/div>\n\t\t\t\t\t<\/div>\n\t\t\t\t<\/div>\n\t\t<div class=\"elementor-element elementor-element-458f351 e-flex e-con-boxed e-con e-parent\" data-id=\"458f351\" data-element_type=\"container\">\n\t\t\t\t\t<div class=\"e-con-inner\">\n\t\t<div class=\"elementor-element elementor-element-7f236d0 e-flex e-con-boxed e-con e-child\" data-id=\"7f236d0\" data-element_type=\"container\">\n\t\t\t\t\t<div class=\"e-con-inner\">\n\t\t\t\t<div class=\"elementor-element elementor-element-adff492 elementor-widget elementor-widget-image\" data-id=\"adff492\" data-element_type=\"widget\" data-widget_type=\"image.default\">\n\t\t\t\t<div class=\"elementor-widget-container\">\n\t\t\t\t\t\t\t\t\t\t\t\t\t\t\t<img loading=\"lazy\" decoding=\"async\" width=\"561\" height=\"471\" src=\"https:\/\/valorsolutions.ca\/wp-content\/uploads\/2024\/06\/be-informed.png\" class=\"attachment-large size-large wp-image-439\" alt=\"\" srcset=\"https:\/\/valorsolutions.ca\/wp-content\/uploads\/2024\/06\/be-informed.png 561w, https:\/\/valorsolutions.ca\/wp-content\/uploads\/2024\/06\/be-informed-300x252.png 300w\" sizes=\"(max-width: 561px) 100vw, 561px\" \/>\t\t\t\t\t\t\t\t\t\t\t\t\t\t\t<\/div>\n\t\t\t\t<\/div>\n\t\t\t\t\t<\/div>\n\t\t\t\t<\/div>\n\t\t<div class=\"elementor-element elementor-element-c11b942 e-flex e-con-boxed e-con e-child\" data-id=\"c11b942\" data-element_type=\"container\">\n\t\t\t\t\t<div class=\"e-con-inner\">\n\t\t\t\t<div class=\"elementor-element elementor-element-72d99e3 elementor-widget__width-auto elementor-widget elementor-widget-heading\" data-id=\"72d99e3\" data-element_type=\"widget\" data-widget_type=\"heading.default\">\n\t\t\t\t<div class=\"elementor-widget-container\">\n\t\t\t\t\t<h2 class=\"elementor-heading-title elementor-size-default\">Soyez inform\u00e9s !<\/h2>\t\t\t\t<\/div>\n\t\t\t\t<\/div>\n\t\t\t\t<div class=\"elementor-element elementor-element-7504358 elementor-widget elementor-widget-image\" data-id=\"7504358\" data-element_type=\"widget\" data-widget_type=\"image.default\">\n\t\t\t\t<div class=\"elementor-widget-container\">\n\t\t\t\t\t\t\t\t\t\t\t\t\t\t\t<img loading=\"lazy\" decoding=\"async\" width=\"61\" height=\"69\" src=\"https:\/\/valorsolutions.ca\/wp-content\/uploads\/2024\/06\/frame-4.png\" class=\"attachment-thumbnail size-thumbnail wp-image-487\" alt=\"\" \/>\t\t\t\t\t\t\t\t\t\t\t\t\t\t\t<\/div>\n\t\t\t\t<\/div>\n\t\t\t\t<div class=\"elementor-element elementor-element-bc16ad7 elementor-widget elementor-widget-text-editor\" data-id=\"bc16ad7\" data-element_type=\"widget\" data-widget_type=\"text-editor.default\">\n\t\t\t\t<div class=\"elementor-widget-container\">\n\t\t\t\t\t\t\t\t\t<p>Si vous souhaitez recevoir des informations sur les formations professionnelles que nous proposons, veuillez vous abonner \u00e0 notre liste de diffusion en soumettant vos coordonn\u00e9es.<\/p>\n\t\t\t\t\t\t\t\t<\/div>\n\t\t\t\t<\/div>\n\t\t\t\t<div class=\"elementor-element elementor-element-4f8fa54 elementor-widget elementor-widget-shortcode\" data-id=\"4f8fa54\" data-element_type=\"widget\" data-widget_type=\"shortcode.default\">\n\t\t\t\t<div class=\"elementor-widget-container\">\n\t\t\t\t\t\t\t<div class=\"elementor-shortcode\"><iframe src=\"https:\/\/app.cyberimpact.com\/clients\/40983\/subscribe-forms\/D6240DA1-7AA4-43EB-A0B3-161B18D8AAD5\" width=\"500\" height=\"274\" frameborder=\"0\" marginheight=\"0\" marginwidth=\"0\" scrolling=\"auto\"><\/iframe><\/div>\n\t\t\t\t\t\t<\/div>\n\t\t\t\t<\/div>\n\t\t\t\t\t<\/div>\n\t\t\t\t<\/div>\n\t\t\t\t\t<\/div>\n\t\t\t\t<\/div>\n\t\t\t\t<\/div>\n\t\t","protected":false},"excerpt":{"rendered":"<p>Gestion de projet Notre approche Formation Valor &amp; Solutions : o\u00f9 la gestion de projet rencontre la passion pour l&rsquo;impact social. Nous ne nous contentons pas de respecter des d\u00e9lais et d&rsquo;\u00e9laborer des strat\u00e9gies ; nous sommes les catalyseurs du changement positif. En nous sp\u00e9cialisant dans des formations sur mesure et une planification participative, nous [&hellip;]<\/p>\n","protected":false},"author":1,"featured_media":0,"parent":0,"menu_order":0,"comment_status":"closed","ping_status":"closed","template":"","meta":{"_acf_changed":false,"footnotes":""},"class_list":["post-5392","page","type-page","status-publish","hentry"],"acf":[],"_links":{"self":[{"href":"https:\/\/valorsolutions.ca\/fr\/wp-json\/wp\/v2\/pages\/5392","targetHints":{"allow":["GET"]}}],"collection":[{"href":"https:\/\/valorsolutions.ca\/fr\/wp-json\/wp\/v2\/pages"}],"about":[{"href":"https:\/\/valorsolutions.ca\/fr\/wp-json\/wp\/v2\/types\/page"}],"author":[{"embeddable":true,"href":"https:\/\/valorsolutions.ca\/fr\/wp-json\/wp\/v2\/users\/1"}],"replies":[{"embeddable":true,"href":"https:\/\/valorsolutions.ca\/fr\/wp-json\/wp\/v2\/comments?post=5392"}],"version-history":[{"count":21,"href":"https:\/\/valorsolutions.ca\/fr\/wp-json\/wp\/v2\/pages\/5392\/revisions"}],"predecessor-version":[{"id":7192,"href":"https:\/\/valorsolutions.ca\/fr\/wp-json\/wp\/v2\/pages\/5392\/revisions\/7192"}],"wp:attachment":[{"href":"https:\/\/valorsolutions.ca\/fr\/wp-json\/wp\/v2\/media?parent=5392"}],"curies":[{"name":"wp","href":"https:\/\/api.w.org\/{rel}","templated":true}]}}